{"id":11,"date":"2023-06-23T08:09:16","date_gmt":"2023-06-23T08:09:16","guid":{"rendered":"http:\/\/raumfkollektiv.com\/?page_id=11"},"modified":"2025-09-17T12:44:39","modified_gmt":"2025-09-17T12:44:39","slug":"home","status":"publish","type":"page","link":"https:\/\/raumfkollektiv.com\/","title":{"rendered":"\u00dcber uns"},"content":{"rendered":"\n<p><strong>*wer sind wir?<\/strong><br>raum*f ist ein studentisches Kollektiv innerhalb der Fakult\u00e4t<br>f\u00fcr Architektur an der Technischen Universit\u00e4t Graz, das sich<br>zum Ziel gesetzt hat, veraltete einseitige Haltungen und den<br>Mangel an Intersektionalit\u00e4t, Parit\u00e4t und Diversit\u00e4t im St\u00e4d<br>tebau, der Architektur und Architekturausbildung kritisch zu<br>hinterfragen.<\/p>\n\n\n\n<p><strong>*warum existieren wir?<\/strong><br>Als Studierende finden wir die Vernachl\u00e4ssigung dieser The<br>men inakzeptabel. Wir setzen uns f\u00fcr einen inklusiven Diskurs<br>ein, der Sexismus, Rassismus, Homophobie und Transphobie<br>offen anspricht und deutlich macht, wie wichtig es ist, den<br>Status quo in Frage zu stellen und Raum f\u00fcr unterrepr\u00e4sen<br>tierte Stimmen innerhalb und au\u00dferhalb der Architektur und<br>Architekturausbildung zu schaffen.<\/p>\n\n\n\n<p><strong>*wof\u00fcr stehen wir?<\/strong><br>raum*f setzt sich ein f\u00fcr:<br><br>__ Raum f\u00fcr unterrepr\u00e4sentierte Stimmen und Perspektiven unter Studierenden und in der Architekturausbildung zu schaffen, <\/p>\n\n\n\n<p>__ die Vielfalt an der Universit\u00e4t und in der Architekturausbil<br>dung zu f\u00f6rdern und zu unterst\u00fctzen, insbesondere in Bezug<br>auf die intersektionale Repr\u00e4sentation in F\u00fchrungspositionen<br>und Lehrveranstaltungen,<br><br>__ die Sicherstellung von Parit\u00e4t und gleichem Zugang zu M\u00f6glichkeiten f\u00fcr alle Studierenden, <\/p>\n\n\n\n<p>__ die Auseinandersetzung mit dem Mangel an kritischer Beobachtung und Kontext in der Architekturausbildung; das Streben nach einer Ver\u00e4nderung der Art und Weise, wie wir \u00fcber Architektur lernen, durch die F\u00f6rderung von kritischer Analyse und Multiperspektivit\u00e4t in Vorlesungen, anstatt eindimensionale Sichtweisen zu reproduzieren,<br><br>__ Studierende zu ermutigen, unkonventionelle Methoden der der Gestaltung zu erforschen, um gerechtere gebaute Umge bungen zu schaffen, indem sie verschiedene Perspektiven und Disziplinen in ihre Arbeit einbeziehen, <\/p>\n\n\n\n<p>__ alle Formen der Diskriminierung, des Rassismus, des Sexismus, der Homophobie und der Transphobie innerhalb und au\u00dferhalb des Bereichs der Architektur und der Architekturausbildung offen zu verurteilen und bek\u00e4mpfen,<br><br>__ das Bewusstsein f\u00fcr die Bedeutung einer geschlechtersen<br>siblen Sprache zu sch\u00e4rfen,<br><br>__ das Eintreten f\u00fcr eine Ver\u00e4nderung der Art und Weise, wie<br>Frauen und Minderheiten in der Architekturausbildung (unter)<br>vertreten sind, indem man Studierende zu einer kritischen<br>Analyse verl\u00e4sslicher Quellen ermutigt, anstatt voreingenom<br>mene Meinungen zur Verf\u00fcgung stellen.<\/p>\n\n\n\n<hr>\n\n\n\n<p><em>[english version]<\/em><\/p>\n\n\n\n<p><strong>*who are we?<\/strong><br>raum*f is a student-run collective within the Faculty of Architecture at Graz University of Technology aiming to challenge outdated one-dimensional attitudes and the lack of intersectionality, parity and diversity in urban planning, architecture and architectural education.<\/p>\n\n\n\n<p><strong>*why do we exist?<\/strong><br>As students, we find the disregard for these issues unacceptable. We are fighting for an inclusive discourse which openly confronts sexism, racism, homophobia and transphobia, outlining the importance of challenging the status quo and creating space for underrepresented voices within and outside of architecture and architectural education.<\/p>\n\n\n\n<p><strong>*what do we stand for?<\/strong><br>raum*f is dedicated to:<\/p>\n\n\n\n<p>__ creating space for underrepresented voices and perspectives among students and within architectural education,<\/p>\n\n\n\n<p>__ encouraging and promoting diversity at the University and within architectural education, particularly pertaining to intersectional representation in leadership positions and lectures,<\/p>\n\n\n\n<p>__ ensuring parity and equal access to opportunities for all students,<\/p>\n\n\n\n<p>__ confronting the lack of critical observation and context in architectural education; striving for change in the way we learn about architecture by encouraging critical analysis and multiperspectivity in lectures instead of reproducing one-dimensional views,<\/p>\n\n\n\n<p>__ empowering students to explore non-traditional methods of design and build more equitable environments by incorporating diverse perspectives and disciplines in their work,<\/p>\n\n\n\n<p>__ openly condemning and calling out all discrimination, racism, sexism, homophobia, transphobia inside and outside the field of architecture and architectural education,<\/p>\n\n\n\n<p>__ raising awareness of the importance of using gender-sensitive language,<\/p>\n\n\n\n<p>__ advocating for change in the way women and minorities are (under)represented in architectural education by encouraging critical analysis and providing reliable sources in place of biased opinions.<\/p>\n","protected":false},"excerpt":{"rendered":"<p>*wer sind wir?raum*f ist ein studentisches Kollektiv innerhalb der Fakult\u00e4tf\u00fcr Architektur an der Technischen Universit\u00e4t Graz, das sichzum Ziel gesetzt hat, veraltete einseitige Haltungen und denMangel an Intersektionalit\u00e4t, Parit\u00e4t und Diversit\u00e4t im St\u00e4dtebau, der Architektur und Architekturausbildung kritisch zuhinterfragen. *warum existieren wir?Als Studierende finden wir die Vernachl\u00e4ssigung dieser Themen inakzeptabel. Wir setzen uns f\u00fcr einen&hellip; <a class=\"more-link\" href=\"https:\/\/raumfkollektiv.com\/\">Continue reading <span class=\"screen-reader-text\">\u00dcber uns<\/span><\/a><\/p>\n","protected":false},"author":1,"featured_media":0,"parent":0,"menu_order":0,"comment_status":"closed","ping_status":"closed","template":"","meta":{"footnotes":""},"_links":{"self":[{"href":"https:\/\/raumfkollektiv.com\/index.php?rest_route=\/wp\/v2\/pages\/11"}],"collection":[{"href":"https:\/\/raumfkollektiv.com\/index.php?rest_route=\/wp\/v2\/pages"}],"about":[{"href":"https:\/\/raumfkollektiv.com\/index.php?rest_route=\/wp\/v2\/types\/page"}],"author":[{"embeddable":true,"href":"https:\/\/raumfkollektiv.com\/index.php?rest_route=\/wp\/v2\/users\/1"}],"replies":[{"embeddable":true,"href":"https:\/\/raumfkollektiv.com\/index.php?rest_route=%2Fwp%2Fv2%2Fcomments&post=11"}],"version-history":[{"count":10,"href":"https:\/\/raumfkollektiv.com\/index.php?rest_route=\/wp\/v2\/pages\/11\/revisions"}],"predecessor-version":[{"id":117,"href":"https:\/\/raumfkollektiv.com\/index.php?rest_route=\/wp\/v2\/pages\/11\/revisions\/117"}],"wp:attachment":[{"href":"https:\/\/raumfkollektiv.com\/index.php?rest_route=%2Fwp%2Fv2%2Fmedia&parent=11"}],"curies":[{"name":"wp","href":"https:\/\/api.w.org\/{rel}","templated":true}]}}